{"id":2,"date":"2016-09-25T11:27:09","date_gmt":"2016-09-25T10:27:09","guid":{"rendered":"http:\/\/www.codexplo.ch\/?page_id=2"},"modified":"2023-01-06T12:09:32","modified_gmt":"2023-01-06T11:09:32","slug":"homepage","status":"publish","type":"page","link":"https:\/\/www.codexplo.ch\/","title":{"rendered":"Bienvenue"},"content":{"rendered":"<p><meta http-equiv=\"refresh\" content=\"2; url=https:\/\/codexplo.ch\/?page_id=161\/\" \/><\/p>\n<h2 style=\"text-align: center;\"><span style=\"font-family: Verdana, Geneva, sans-serif; font-size: small;\">Recherchez les r\u00e9f\u00e9rences des articles comment\u00e9s dans les commentaires b\u00e2lois, bernois, romand et zurichois du Code civil et du Code des obligations.<\/span><\/h2>\n<p style=\"text-align: center;\">\n","protected":false},"excerpt":{"rendered":"<p>Recherchez les r\u00e9f\u00e9rences des articles comment\u00e9s dans les commentaires b\u00e2lois, bernois, romand et zurichois du Code civil et du Code des obligations.<\/p>\n","protected":false},"author":1,"featured_media":0,"parent":0,"menu_order":0,"comment_status":"closed","ping_status":"closed","template":"","meta":{"footnotes":""},"class_list":["post-2","page","type-page","status-publish","hentry"],"_links":{"self":[{"href":"https:\/\/www.codexplo.ch\/index.php?rest_route=\/wp\/v2\/pages\/2","targetHints":{"allow":["GET"]}}],"collection":[{"href":"https:\/\/www.codexplo.ch\/index.php?rest_route=\/wp\/v2\/pages"}],"about":[{"href":"https:\/\/www.codexplo.ch\/index.php?rest_route=\/wp\/v2\/types\/page"}],"author":[{"embeddable":true,"href":"https:\/\/www.codexplo.ch\/index.php?rest_route=\/wp\/v2\/users\/1"}],"replies":[{"embeddable":true,"href":"https:\/\/www.codexplo.ch\/index.php?rest_route=%2Fwp%2Fv2%2Fcomments&post=2"}],"version-history":[{"count":33,"href":"https:\/\/www.codexplo.ch\/index.php?rest_route=\/wp\/v2\/pages\/2\/revisions"}],"predecessor-version":[{"id":205,"href":"https:\/\/www.codexplo.ch\/index.php?rest_route=\/wp\/v2\/pages\/2\/revisions\/205"}],"wp:attachment":[{"href":"https:\/\/www.codexplo.ch\/index.php?rest_route=%2Fwp%2Fv2%2Fmedia&parent=2"}],"curies":[{"name":"wp","href":"https:\/\/api.w.org\/{rel}","templated":true}]}}