{"id":206,"date":"2023-01-06T12:10:43","date_gmt":"2023-01-06T11:10:43","guid":{"rendered":"https:\/\/www.codexplo.ch\/?page_id=206"},"modified":"2023-01-06T15:19:08","modified_gmt":"2023-01-06T14:19:08","slug":"listes","status":"publish","type":"page","link":"https:\/\/www.codexplo.ch\/?page_id=206","title":{"rendered":"Listes"},"content":{"rendered":"<p>Il est parfois difficile de savoir quel volume du Berner ou du Z\u00fcrcher Kommentar propose le commentaire le plus r\u00e9cent d&rsquo;un article du CC ou du CO. Les listes ci-dessous, g\u00e9n\u00e9r\u00e9es \u00e0 partir des donn\u00e9es de Codexplo, permettent d&rsquo;avoir un aper\u00e7u g\u00e9n\u00e9ral du commentaire le plus r\u00e9cent pour chaque article ou s\u00e9rie d&rsquo;articles.<\/p>\n<p>\u2022 <a href=\"https:\/\/www.codexplo.ch\/?page_id=191&amp;cc&amp;beko\">Berner Kommentar \u2013 Code civil<\/a><br \/>\n\u2022 <a href=\"https:\/\/www.codexplo.ch\/?page_id=191&amp;co&amp;beko\">Berner Kommentar \u2013 Code des obligations<\/a><br \/>\n\u2022 <a href=\"https:\/\/www.codexplo.ch\/?page_id=191&amp;cc&amp;zuko\">Z\u00fcrcher Kommentar \u2013 Code civil<\/a><br \/>\n\u2022 <a href=\"https:\/\/www.codexplo.ch\/?page_id=191&amp;co&amp;zuko\">Z\u00fcrcher Kommentar \u2013 Code des obligations<\/a><\/p>\n<p>&nbsp;<\/p>","protected":false},"excerpt":{"rendered":"<p>Il est parfois difficile de savoir quel volume du Berner ou du Z\u00fcrcher Kommentar propose le commentaire le plus r\u00e9cent d&rsquo;un article du CC ou du CO. Les listes ci-dessous, g\u00e9n\u00e9r\u00e9es \u00e0 partir des donn\u00e9es de Codexplo, permettent d&rsquo;avoir un aper\u00e7u g\u00e9n\u00e9ral du commentaire le plus r\u00e9cent pour chaque article ou s\u00e9rie d&rsquo;articles. \u2022 Berner Kommentar \u2013 Code civil \u2022 Berner Kommentar \u2013 Code des [&hellip;]<\/p>\n","protected":false},"author":1,"featured_media":0,"parent":0,"menu_order":0,"comment_status":"closed","ping_status":"closed","template":"","meta":{"footnotes":""},"class_list":["post-206","page","type-page","status-publish","hentry"],"_links":{"self":[{"href":"https:\/\/www.codexplo.ch\/index.php?rest_route=\/wp\/v2\/pages\/206","targetHints":{"allow":["GET"]}}],"collection":[{"href":"https:\/\/www.codexplo.ch\/index.php?rest_route=\/wp\/v2\/pages"}],"about":[{"href":"https:\/\/www.codexplo.ch\/index.php?rest_route=\/wp\/v2\/types\/page"}],"author":[{"embeddable":true,"href":"https:\/\/www.codexplo.ch\/index.php?rest_route=\/wp\/v2\/users\/1"}],"replies":[{"embeddable":true,"href":"https:\/\/www.codexplo.ch\/index.php?rest_route=%2Fwp%2Fv2%2Fcomments&post=206"}],"version-history":[{"count":6,"href":"https:\/\/www.codexplo.ch\/index.php?rest_route=\/wp\/v2\/pages\/206\/revisions"}],"predecessor-version":[{"id":222,"href":"https:\/\/www.codexplo.ch\/index.php?rest_route=\/wp\/v2\/pages\/206\/revisions\/222"}],"wp:attachment":[{"href":"https:\/\/www.codexplo.ch\/index.php?rest_route=%2Fwp%2Fv2%2Fmedia&parent=206"}],"curies":[{"name":"wp","href":"https:\/\/api.w.org\/{rel}","templated":true}]}}